{"id":100,"date":"2020-08-20T10:30:56","date_gmt":"2020-08-20T10:30:56","guid":{"rendered":"https:\/\/wpa-training.com\/?page_id=100"},"modified":"2021-09-13T09:28:57","modified_gmt":"2021-09-13T08:28:57","slug":"home","status":"publish","type":"page","link":"https:\/\/wpa-training.com\/de\/","title":{"rendered":"Home"},"content":{"rendered":"\n<div class=\"wp-block-cover alignfull has-background-dim-20 has-background-dim is-position-center-center hero-video\" style=\"min-height:600px;aspect-ratio:unset;\"><video class=\"wp-block-cover__video-background intrinsic-ignore\" autoplay muted loop playsinline src=\"https:\/\/wpa-training.com\/wp-content\/uploads\/2020\/10\/training-1.mp4\" data-object-fit=\"cover\"><\/video><div class=\"wp-block-cover__inner-container is-layout-flow wp-block-cover-is-layout-flow\">\n<h1 class=\"has-text-align-center wp-block-heading\">WPA Wasserstrahl Schulungen:<br><strong>Werden Sie zum Experten!<\/strong><\/h1>\n\n\n\n<div class=\"wp-block-buttons is-content-justification-center is-layout-flex wp-block-buttons-is-layout-flex\">\n<div class=\"wp-block-button\"><a class=\"wp-block-button__link\" href=\"#contact\">Jetzt Kontakt aufnehmen<\/a><\/div>\n<\/div>\n<\/div><\/div>\n\n\n\n<div style=\"height:30px\" aria-hidden=\"true\" class=\"wp-block-spacer\"><\/div>\n\n\n\n<h2 class=\"wp-block-heading\">Unsere Wasserstrahl Schulungen &#8211; Ihre Vorteile.<\/h2>\n\n\n\n<p>Jahrzehntelange Erfahrung, individuelle Beratung, ma\u00dfgeschneiderte Trainingsm\u00f6glichkeiten und innovative Produkte: Dies sind die Gr\u00fcnde, weshalb die Waterjet Production Academy GmbH zu der Adresse geworden ist, wenn es um zuverl\u00e4ssige Expertise f\u00fcr Wasserstrahl Hard- &amp; Software geht.<\/p>\n\n\n\n<div class=\"wp-block-columns is-layout-flex wp-container-core-columns-is-layout-28f84493 wp-block-columns-is-layout-flex\">\n<div class=\"wp-block-column is-layout-flow wp-block-column-is-layout-flow\">\n<div class=\"ghostkit-icon-box ghostkit-custom-20SAbG\"><div class=\"ghostkit-icon-box-icon ghostkit-icon-box-icon-align-left\"><svg class=\"ghostkit-svg-icon ghostkit-svg-icon-fa\" aria-hidden=\"true\" role=\"img\" xmlns=\"http:\/\/www.w3.org\/2000\/svg\" viewBox=\"0 0 640 512\"><path fill=\"currentColor\" d=\"M610.5 373.3c2.6-14.1 2.6-28.5 0-42.6l25.8-14.9c3-1.7 4.3-5.2 3.3-8.5-6.7-21.6-18.2-41.2-33.2-57.4-2.3-2.5-6-3.1-9-1.4l-25.8 14.9c-10.9-9.3-23.4-16.5-36.9-21.3v-29.8c0-3.4-2.4-6.4-5.7-7.1-22.3-5-45-4.8-66.2 0-3.3.7-5.7 3.7-5.7 7.1v29.8c-13.5 4.8-26 12-36.9 21.3l-25.8-14.9c-2.9-1.7-6.7-1.1-9 1.4-15 16.2-26.5 35.8-33.2 57.4-1 3.3.4 6.8 3.3 8.5l25.8 14.9c-2.6 14.1-2.6 28.5 0 42.6l-25.8 14.9c-3 1.7-4.3 5.2-3.3 8.5 6.7 21.6 18.2 41.1 33.2 57.4 2.3 2.5 6 3.1 9 1.4l25.8-14.9c10.9 9.3 23.4 16.5 36.9 21.3v29.8c0 3.4 2.4 6.4 5.7 7.1 22.3 5 45 4.8 66.2 0 3.3-.7 5.7-3.7 5.7-7.1v-29.8c13.5-4.8 26-12 36.9-21.3l25.8 14.9c2.9 1.7 6.7 1.1 9-1.4 15-16.2 26.5-35.8 33.2-57.4 1-3.3-.4-6.8-3.3-8.5l-25.8-14.9zM496 400.5c-26.8 0-48.5-21.8-48.5-48.5s21.8-48.5 48.5-48.5 48.5 21.8 48.5 48.5-21.7 48.5-48.5 48.5zM224 256c70.7 0 128-57.3 128-128S294.7 0 224 0 96 57.3 96 128s57.3 128 128 128zm201.2 226.5c-2.3-1.2-4.6-2.6-6.8-3.9l-7.9 4.6c-6 3.4-12.8 5.3-19.6 5.3-10.9 0-21.4-4.6-28.9-12.6-18.3-19.8-32.3-43.9-40.2-69.6-5.5-17.7 1.9-36.4 17.9-45.7l7.9-4.6c-.1-2.6-.1-5.2 0-7.8l-7.9-4.6c-16-9.2-23.4-28-17.9-45.7.9-2.9 2.2-5.8 3.2-8.7-3.8-.3-7.5-1.2-11.4-1.2h-16.7c-22.2 10.2-46.9 16-72.9 16s-50.6-5.8-72.9-16h-16.7C60.2 288 0 348.2 0 422.4V464c0 26.5 21.5 48 48 48h352c10.1 0 19.5-3.2 27.2-8.5-1.2-3.8-2-7.7-2-11.8v-9.2z\"><\/path><\/svg><\/div><div class=\"ghostkit-icon-box-content is-layout-flow wp-block-icon-box-is-layout-flow\">\n<h4 class=\"wp-block-heading\">Individuell<\/h4>\n\n\n\n<p>Die Trainingsprogramme sind genau auf Sie und Ihre Bed\u00fcrfnisse zugeschnitten.<\/p>\n<\/div><\/div>\n<\/div>\n\n\n\n<div class=\"wp-block-column is-layout-flow wp-block-column-is-layout-flow\">\n<div class=\"ghostkit-icon-box ghostkit-custom-Z1F1zUC\"><div class=\"ghostkit-icon-box-icon ghostkit-icon-box-icon-align-left\"><svg class=\"ghostkit-svg-icon ghostkit-svg-icon-fa\" aria-hidden=\"true\" role=\"img\" xmlns=\"http:\/\/www.w3.org\/2000\/svg\" viewBox=\"0 0 320 512\"><path fill=\"currentColor\" d=\"M296 160H180.6l42.6-129.8C227.2 15 215.7 0 200 0H56C44 0 33.8 8.9 32.2 20.8l-32 240C-1.7 275.2 9.5 288 24 288h118.7L96.6 482.5c-3.6 15.2 8 29.5 23.3 29.5 8.4 0 16.4-4.4 20.8-12l176-304c9.3-15.9-2.2-36-20.7-36z\"><\/path><\/svg><\/div><div class=\"ghostkit-icon-box-content is-layout-flow wp-block-icon-box-is-layout-flow\">\n<h4 class=\"wp-block-heading\"><strong>Effizient<\/strong><\/h4>\n\n\n\n<p>Kombinationen von Online- und Vor-Ort-Schulungen sind m\u00f6glich.<\/p>\n<\/div><\/div>\n<\/div>\n\n\n\n<div class=\"wp-block-column is-layout-flow wp-block-column-is-layout-flow\">\n<div class=\"ghostkit-icon-box ghostkit-custom-Z1MJYbz\"><div class=\"ghostkit-icon-box-icon ghostkit-icon-box-icon-align-left\"><svg class=\"ghostkit-svg-icon ghostkit-svg-icon-fa\" aria-hidden=\"true\" role=\"img\" xmlns=\"http:\/\/www.w3.org\/2000\/svg\" viewBox=\"0 0 448 512\"><path fill=\"currentColor\" d=\"M448 344v112a23.94 23.94 0 0 1-24 24H312c-21.39 0-32.09-25.9-17-41l36.2-36.2L224 295.6 116.77 402.9 153 439c15.09 15.1 4.39 41-17 41H24a23.94 23.94 0 0 1-24-24V344c0-21.4 25.89-32.1 41-17l36.19 36.2L184.46 256 77.18 148.7 41 185c-15.1 15.1-41 4.4-41-17V56a23.94 23.94 0 0 1 24-24h112c21.39 0 32.09 25.9 17 41l-36.2 36.2L224 216.4l107.23-107.3L295 73c-15.09-15.1-4.39-41 17-41h112a23.94 23.94 0 0 1 24 24v112c0 21.4-25.89 32.1-41 17l-36.19-36.2L263.54 256l107.28 107.3L407 327.1c15.1-15.2 41-4.5 41 16.9z\"><\/path><\/svg><\/div><div class=\"ghostkit-icon-box-content is-layout-flow wp-block-icon-box-is-layout-flow\">\n<h4 class=\"wp-block-heading\"><strong>Vielseitig<\/strong><\/h4>\n\n\n\n<p>Wir schulen und beraten in allen Bereichen der Wasserstahltechnologie.<\/p>\n<\/div><\/div>\n<\/div>\n<\/div>\n\n\n\n<div style=\"height:25px\" aria-hidden=\"true\" class=\"wp-block-spacer\"><\/div>\n\n\n\n<h2 class=\"wp-block-heading\">Individuelle Schulung f\u00fcr zuk\u00fcnftige Experten.<\/h2>\n\n\n\n<ul class=\"wp-block-list\"><li>Gemeinsam mit Ihrem Unternehmen analysieren wir, an welchen Stellen Trainings und Kurse gro\u00dfe Erfolge erzielen k\u00f6nnen.<\/li><li>Wir erarbeiten individuelle Trainingsprogramme f\u00fcr Ihr Unternehmen und ber\u00fccksichtigen die jeweiligen Bed\u00fcrfnisse.<\/li><\/ul>\n\n\n\n<h4 class=\"wp-block-heading\">Wir bieten verschiedene, frei w\u00e4hlbare Formate an.<\/h4>\n\n\n\n<ul class=\"wp-block-list\"><li>Online-Schulungen, flexible Terminierung ohne Reisekosten<\/li><li>Schulung vor Ort: Selbstverst\u00e4ndlich bieten wir auch Unterst\u00fctzung direkt an der Maschine mit den Mitarbeitern vor Ort<\/li><li>1 zu 1 Online-Support erm\u00f6glicht eine sehr individuelle Beratung und Betreuung ohne Reisekosten (Themen: Anwendung, Hochdruckpumpen, Software)<\/li><\/ul>\n\n\n\n<h2 class=\"wp-block-heading\" id=\"kurse\">Wasserstrahl Schulungen \u00dcbersicht<\/h2>\n\n\n\n<div class=\"cards cards-expanded\">\n  \n                      <div class=\"card \"  >\n                <div class=\"card-image-container \">\n                                    <img decoding=\"async\" class=\"card-background\" src=\"https:\/\/wpa-training.com\/wp-content\/uploads\/2021\/09\/i35.jpg\">\n                      <\/div>\n                    <div class=\"text-container\">\n            <h3 class=\"card-title\"><b>Wasserstrahl-Anwendung f\u00fcr Anf\u00e4nger<\/b><\/h3>\n                        <div class=\"description\"><p><strong data-rich-text-format-boundary=\"true\">Inhalt:<\/strong><br data-rich-text-line-break=\"true\" \/>Einweisung in die Hochdruckpumpe. Programmvorbereitung, Zeichnungserstellung, praktische Maschinenbedienung, Verarbeitung verschiedener Materialien.<\/p>\n<p><strong data-rich-text-format-boundary=\"true\">Ziele<\/strong>:<br data-rich-text-line-break=\"true\" \/>Sicherer Betrieb von Wasserstrahlmaschinen; Erstellung von Schneidprogrammen, Einsatz von Hochdruckpumpen und Komponenten.<\/p>\n<\/div>\n                      <\/div>\n        <\/div>\n        \n                      <div class=\"card \"  >\n                <div class=\"card-image-container \">\n                                    <img decoding=\"async\" class=\"card-background\" src=\"https:\/\/wpa-training.com\/wp-content\/uploads\/2020\/10\/schulungen_unternehmensweit.jpg\">\n                      <\/div>\n                    <div class=\"text-container\">\n            <h3 class=\"card-title\"><b>Wasserstrahl in einem unternehmensweiten Kontext<\/b><\/h3>\n                        <div class=\"description\"><p><strong>F\u00fcr:<br \/>\n<\/strong>Produktionsleiter, Vertriebsmitarbeiter oder Gesch\u00e4ftsf\u00fchrer (z.B. zur Optimierung des betrieblichen Gesamtkontextes)<\/p>\n<p><strong>Inhalt:<br \/>\n<\/strong>Welche Vorteile und Grenzen bietet die Technik?<br \/>\nWie erschlie\u00dfe ich neue Zielgruppen?<br \/>\nWie kalkuliere ich wirtschaftlich und realistisch?<br \/>\nWie binde ich die Technik in den gesamten Produktionsablauf sinnvoll ein?<\/p>\n<\/div>\n                      <\/div>\n        <\/div>\n        \n                      <div class=\"card \"  >\n                <div class=\"card-image-container \">\n                                    <img decoding=\"async\" class=\"card-background\" src=\"https:\/\/wpa-training.com\/wp-content\/uploads\/2020\/10\/online_training_flow.jpg\">\n                      <\/div>\n                    <div class=\"text-container\">\n            <h3 class=\"card-title\"><b>Online Training: Flow Maschinen Software, Software FlowXpert<\/b><\/h3>\n                        <div class=\"description\"><p><strong>F\u00fcr:<\/strong><br \/>\nKonstrukteure und Maschinenbediener (z.B. Flow Machine Software, Software FlowXpert<\/p>\n<p><strong>Inhalt:<br \/>\n<\/strong>FlowXpert Design Erkl\u00e4rung der Zeichenoberfl\u00e4che<br \/>\nKonstruieren in 2D und 3D<br \/>\nLinie, Kreis, Recheck, Bogen Freiform, Polygon<br \/>\nNullpunkt, Anker setzen, Zeichenblatt erstellen, Messen und Bema\u00dfen<br \/>\nFlowXpert Sequencer Datei \u00f6ffnen, Ein\/Ausfahrstrecke ver\u00e4ndern, Schneidreihenfolge<br \/>\nErstellen einer .flow Datei f\u00fcr das Schneiden in FlowCut 3D<br \/>\n\u00dcbungen<br \/>\nFlowNest Bedienoberfl\u00e4che und Handhabung<\/p>\n<\/div>\n                      <\/div>\n        <\/div>\n        \n                      <div class=\"card \"  >\n                <div class=\"card-image-container \">\n                                    <img decoding=\"async\" class=\"card-background\" src=\"https:\/\/wpa-training.com\/wp-content\/uploads\/2021\/09\/softec-min.png\">\n                      <\/div>\n                    <div class=\"text-container\">\n            <h3 class=\"card-title\"><b>Individuelle Software-Schulung<\/b><\/h3>\n                        <div class=\"description\"><div class=\"woocommerce-product-details__short-description\">\n<p><strong>Dieser Kurs wird individuell auf Ihre Bed\u00fcrfnisse angepasst.<\/strong><br \/>\nGemeinsam mit Ihnen erarbeiten wir eine Software Schulung f\u00fcr Sie und\/ oder Ihr Team.<\/p>\n<p><strong>Egal, f\u00fcr welche Software:<br \/>\n<\/strong>Spaceclaim oder die gesamte Libellula Produktreihe.<br \/>\nWir sind f\u00fcr Sie da.<\/p>\n<\/div>\n<p>Kontaktieren Sie uns jetzt, um ein Angebot f\u00fcr eine auf Sie angepasste Schulung zu bekommen.<\/p>\n<\/div>\n                      <\/div>\n        <\/div>\n        \n      \n  \n<\/div>\n\n\n\n<div class=\"wp-block-group is-layout-flow wp-block-group-is-layout-flow\"><div class=\"wp-block-group__inner-container\">\n<p><\/p>\n<\/div><\/div>\n\n\n\n<div style=\"height:25px\" aria-hidden=\"true\" class=\"wp-block-spacer\"><\/div>\n\n\n\n<h2 class=\"wp-block-heading\" id=\"ueber-uns\">Wir sind f\u00fcr Sie da. In Karlsruhe, regional, bundes- und europaweit.<\/h2>\n\n\n\n<div class=\"wp-block-columns is-layout-flex wp-container-core-columns-is-layout-28f84493 wp-block-columns-is-layout-flex\">\n<div class=\"wp-block-column is-layout-flow wp-block-column-is-layout-flow\">\n<div class=\"ghostkit-icon-box ghostkit-custom-2dSWpY\"><div class=\"ghostkit-icon-box-icon ghostkit-icon-box-icon-align-left\"><svg class=\"ghostkit-svg-icon ghostkit-svg-icon-fa\" aria-hidden=\"true\" role=\"img\" xmlns=\"http:\/\/www.w3.org\/2000\/svg\" viewBox=\"0 0 640 512\"><path fill=\"currentColor\" d=\"M616 192H480V24c0-13.26-10.74-24-24-24H312c-13.26 0-24 10.74-24 24v72h-64V16c0-8.84-7.16-16-16-16h-16c-8.84 0-16 7.16-16 16v80h-64V16c0-8.84-7.16-16-16-16H80c-8.84 0-16 7.16-16 16v80H24c-13.26 0-24 10.74-24 24v360c0 17.67 14.33 32 32 32h576c17.67 0 32-14.33 32-32V216c0-13.26-10.75-24-24-24zM128 404c0 6.63-5.37 12-12 12H76c-6.63 0-12-5.37-12-12v-40c0-6.63 5.37-12 12-12h40c6.63 0 12 5.37 12 12v40zm0-96c0 6.63-5.37 12-12 12H76c-6.63 0-12-5.37-12-12v-40c0-6.63 5.37-12 12-12h40c6.63 0 12 5.37 12 12v40zm0-96c0 6.63-5.37 12-12 12H76c-6.63 0-12-5.37-12-12v-40c0-6.63 5.37-12 12-12h40c6.63 0 12 5.37 12 12v40zm128 192c0 6.63-5.37 12-12 12h-40c-6.63 0-12-5.37-12-12v-40c0-6.63 5.37-12 12-12h40c6.63 0 12 5.37 12 12v40zm0-96c0 6.63-5.37 12-12 12h-40c-6.63 0-12-5.37-12-12v-40c0-6.63 5.37-12 12-12h40c6.63 0 12 5.37 12 12v40zm0-96c0 6.63-5.37 12-12 12h-40c-6.63 0-12-5.37-12-12v-40c0-6.63 5.37-12 12-12h40c6.63 0 12 5.37 12 12v40zm160 96c0 6.63-5.37 12-12 12h-40c-6.63 0-12-5.37-12-12v-40c0-6.63 5.37-12 12-12h40c6.63 0 12 5.37 12 12v40zm0-96c0 6.63-5.37 12-12 12h-40c-6.63 0-12-5.37-12-12v-40c0-6.63 5.37-12 12-12h40c6.63 0 12 5.37 12 12v40zm0-96c0 6.63-5.37 12-12 12h-40c-6.63 0-12-5.37-12-12V76c0-6.63 5.37-12 12-12h40c6.63 0 12 5.37 12 12v40zm160 288c0 6.63-5.37 12-12 12h-40c-6.63 0-12-5.37-12-12v-40c0-6.63 5.37-12 12-12h40c6.63 0 12 5.37 12 12v40zm0-96c0 6.63-5.37 12-12 12h-40c-6.63 0-12-5.37-12-12v-40c0-6.63 5.37-12 12-12h40c6.63 0 12 5.37 12 12v40z\"><\/path><\/svg><\/div><div class=\"ghostkit-icon-box-content is-layout-flow wp-block-icon-box-is-layout-flow\">\n<h4 class=\"wp-block-heading\">Bundesweit &amp; Regional<\/h4>\n\n\n\n<p>Unser Trainingscenter liegt im Herzen von Baden-W\u00fcrttemberg, doch auch bundesweit sind wir f\u00fcr Sie da.<br>Flexible Wasserstrahl Schulungen wir bei Ihnen &#8211; vor Ort.<\/p>\n<\/div><\/div>\n<\/div>\n\n\n\n<div class=\"wp-block-column is-layout-flow wp-block-column-is-layout-flow\">\n<div class=\"ghostkit-icon-box ghostkit-custom-1q5aT4\"><div class=\"ghostkit-icon-box-icon ghostkit-icon-box-icon-align-left\"><svg class=\"ghostkit-svg-icon ghostkit-svg-icon-fa\" aria-hidden=\"true\" role=\"img\" xmlns=\"http:\/\/www.w3.org\/2000\/svg\" viewBox=\"0 0 496 512\"><path fill=\"currentColor\" d=\"M248 8C111.03 8 0 119.03 0 256s111.03 248 248 248 248-111.03 248-248S384.97 8 248 8zm160 215.5v6.93c0 5.87-3.32 11.24-8.57 13.86l-15.39 7.7a15.485 15.485 0 0 1-15.53-.97l-18.21-12.14a15.52 15.52 0 0 0-13.5-1.81l-2.65.88c-9.7 3.23-13.66 14.79-7.99 23.3l13.24 19.86c2.87 4.31 7.71 6.9 12.89 6.9h8.21c8.56 0 15.5 6.94 15.5 15.5v11.34c0 3.35-1.09 6.62-3.1 9.3l-18.74 24.98c-1.42 1.9-2.39 4.1-2.83 6.43l-4.3 22.83c-.62 3.29-2.29 6.29-4.76 8.56a159.608 159.608 0 0 0-25 29.16l-13.03 19.55a27.756 27.756 0 0 1-23.09 12.36c-10.51 0-20.12-5.94-24.82-15.34a78.902 78.902 0 0 1-8.33-35.29V367.5c0-8.56-6.94-15.5-15.5-15.5h-25.88c-14.49 0-28.38-5.76-38.63-16a54.659 54.659 0 0 1-16-38.63v-14.06c0-17.19 8.1-33.38 21.85-43.7l27.58-20.69a54.663 54.663 0 0 1 32.78-10.93h.89c8.48 0 16.85 1.97 24.43 5.77l14.72 7.36c3.68 1.84 7.93 2.14 11.83.84l47.31-15.77c6.33-2.11 10.6-8.03 10.6-14.7 0-8.56-6.94-15.5-15.5-15.5h-10.09c-4.11 0-8.05-1.63-10.96-4.54l-6.92-6.92a15.493 15.493 0 0 0-10.96-4.54H199.5c-8.56 0-15.5-6.94-15.5-15.5v-4.4c0-7.11 4.84-13.31 11.74-15.04l14.45-3.61c3.74-.94 7-3.23 9.14-6.44l8.08-12.11c2.87-4.31 7.71-6.9 12.89-6.9h24.21c8.56 0 15.5-6.94 15.5-15.5v-21.7C359.23 71.63 422.86 131.02 441.93 208H423.5c-8.56 0-15.5 6.94-15.5 15.5z\"><\/path><\/svg><\/div><div class=\"ghostkit-icon-box-content is-layout-flow wp-block-icon-box-is-layout-flow\">\n<h4 class=\"wp-block-heading\">Europaweit<\/h4>\n\n\n\n<p>Kunden in ganz Europa vertrauen uns mit ihren Schulungs-Projekten. Wir betreuen Sie verl\u00e4sslich, auch europaweit.<\/p>\n<\/div><\/div>\n<\/div>\n<\/div>\n\n\n\n<div class=\"ghostkit-testimonial\"><div class=\"ghostkit-testimonial-icon\"><svg class=\"ghostkit-svg-icon\" width=\"24\" height=\"24\" viewBox=\"0 0 24 24\" fill=\"none\" xmlns=\"http:\/\/www.w3.org\/2000\/svg\"><path d=\"M13.5954 10.708C15.7931 5.55696 21.1071 5 21.1071 5L21.3565 5.16714C18.945 6.72641 19.0559 8.98169 19.0559 8.98169C19.0559 8.98169 22.1211 9.70495 22.7979 12.2673C23.5186 14.996 22.2158 17.2944 20.4141 18.3373C18.1801 19.6305 15.4248 18.9499 14.0389 17.0008C12.6134 14.996 12.8469 12.4623 13.5954 10.708Z\" fill=\"currentColor\"\/><path d=\"M1.59537 10.708C3.79305 5.55696 9.10709 5 9.10709 5L9.35651 5.16714C6.945 6.72641 7.05592 8.98169 7.05592 8.98169C7.05592 8.98169 10.1211 9.70495 10.7979 12.2673C11.5186 14.996 10.2158 17.2944 8.41413 18.3373C6.18005 19.6305 3.42475 18.9499 2.03887 17.0008C0.61344 14.996 0.846929 12.4623 1.59537 10.708Z\" fill=\"currentColor\"\/><\/svg><\/div><div class=\"ghostkit-testimonial-content is-layout-flow wp-block-testimonial-is-layout-flow\">\n<p>Mein Anliegen ist es, Unternehmen im Bereich Wasserstrahlschneiden voranzubringen durch gezielte und individuelle Schulungen. In \u00fcber 20 Jahren Erfahrung in der Branche habe ich immer wieder erlebt, dass in Wasserstahlschneid-Unternehmen hohe Kosten durch nicht ausreichende, technologische Ausbildung entstehen. Dank individueller Schulungen und Trainings k\u00f6nnen wir sicherstellen, dass die Wasserstrahl-Produktion deutlich effizienter wird. Als schnelle Folge davon sinken die Produktionskosten und die Produktqualit\u00e4t steigt. Wir vermitteln Ihrem Unternehmen das notwendige Wissen, um die Produktion weiterzuentwickeln und somit auf das n\u00e4chste Entwicklungslevel zu heben.<\/p>\n<\/div><div class=\"ghostkit-testimonial-photo\"><img loading=\"lazy\" decoding=\"async\" src=\"https:\/\/wpa-training.com\/wp-content\/uploads\/2020\/10\/Foto_Stan-150x150.png\" class=\"wp-image-903\" width=\"150\" height=\"150\" srcset=\"https:\/\/wpa-training.com\/wp-content\/uploads\/2020\/10\/Foto_Stan-150x150.png 150w, https:\/\/wpa-training.com\/wp-content\/uploads\/2020\/10\/Foto_Stan.png 300w, https:\/\/wpa-training.com\/wp-content\/uploads\/2020\/10\/Foto_Stan-12x12.png 12w\" sizes=\"auto, (max-width: 150px) 100vw, 150px\" \/><\/div><div class=\"ghostkit-testimonial-meta\"><div class=\"ghostkit-testimonial-name\"><strong>Stanislaw Jakubiec<\/strong><\/div><div class=\"ghostkit-testimonial-source\">CEO<\/div><\/div><\/div>\n\n\n\n<div style=\"height:25px\" aria-hidden=\"true\" class=\"wp-block-spacer\"><\/div>\n\n\n\n<div style=\"height:25px\" aria-hidden=\"true\" class=\"wp-block-spacer\"><\/div>\n\n\n\n<p class=\"has-large-font-size\">Unsere Erfahrung ist Ihre Erfahrung.<\/p>\n\n\n\n<div class=\"wp-block-media-text has-media-on-the-right is-stacked-on-mobile\" style=\"grid-template-columns:auto 45%\"><figure class=\"wp-block-media-text__media\"><img loading=\"lazy\" decoding=\"async\" width=\"1024\" height=\"587\" src=\"https:\/\/wpa-training.com\/wp-content\/uploads\/2020\/08\/aussen-1024x587.jpg\" alt=\"Wasserstrahl Schulungen Karlsruhe\" class=\"wp-image-199 size-full\" srcset=\"https:\/\/wpa-training.com\/wp-content\/uploads\/2020\/08\/aussen-1024x587.jpg 1024w, https:\/\/wpa-training.com\/wp-content\/uploads\/2020\/08\/aussen-300x172.jpg 300w, https:\/\/wpa-training.com\/wp-content\/uploads\/2020\/08\/aussen-768x440.jpg 768w, https:\/\/wpa-training.com\/wp-content\/uploads\/2020\/08\/aussen-1536x880.jpg 1536w, https:\/\/wpa-training.com\/wp-content\/uploads\/2020\/08\/aussen.jpg 1800w\" sizes=\"auto, (max-width: 1024px) 100vw, 1024px\" \/><\/figure><div class=\"wp-block-media-text__content\">\n<p class=\"has-text-align-left\">Mit 20 Jahren Erfahrung in der Wasserstrahlindustrie bietet unser Team fachliche und technische Expertise durch individuelle Beratung, ma\u00dfgeschneiderte Wasserstrahl Schulungen und innovative Produkte. Mit unseren Dienstleistungen optimieren Sie Produktionsprozesse, erh\u00f6hen die Nachhaltigkeit Ihrer Produktion und senken mittel- und langfristige Kosten. Gemeinsam mit Ihnen entwickeln und realisieren wir innovative L\u00f6sungen.<\/p>\n<\/div><\/div>\n","protected":false},"excerpt":{"rendered":"<p>Unsere Wasserstrahl Schulungen &#8211; Ihre Vorteile. Jahrzehntelange Erfahrung, individuelle Beratung, ma\u00dfgeschneiderte Trainingsm\u00f6glichkeiten und innovative Produkte: Dies sind die Gr\u00fcnde, weshalb die Waterjet Production Academy GmbH zu der Adresse geworden ist, wenn es um zuverl\u00e4ssige Expertise f\u00fcr Wasserstrahl Hard- &amp; Software geht. Individuell Die Trainingsprogramme sind genau auf Sie und Ihre Bed\u00fcrfnisse zugeschnitten. Effizient Kombinationen von [&hellip;]<\/p>\n","protected":false},"author":2,"featured_media":0,"parent":0,"menu_order":0,"comment_status":"closed","ping_status":"closed","template":"","meta":{"ghostkit_customizer_options":"","ghostkit_custom_css":"","ghostkit_custom_js_head":"","ghostkit_custom_js_foot":"","ghostkit_typography":"","site-sidebar-layout":"default","site-content-layout":"default","ast-site-content-layout":"default","site-content-style":"default","site-sidebar-style":"default","ast-global-header-display":"","ast-banner-title-visibility":"","ast-main-header-display":"","ast-hfb-above-header-display":"","ast-hfb-below-header-display":"","ast-hfb-mobile-header-display":"","site-post-title":"disabled","ast-breadcrumbs-content":"","ast-featured-img":"disabled","footer-sml-layout":"","theme-transparent-header-meta":"default","adv-header-id-meta":"","stick-header-meta":"default","header-above-stick-meta":"","header-main-stick-meta":"","header-below-stick-meta":"","astra-migrate-meta-layouts":"default","ast-page-background-enabled":"default","ast-page-background-meta":{"desktop":{"background-color":"","background-image":"","background-repeat":"repeat","background-position":"center center","background-size":"auto","background-attachment":"scroll","background-type":"","background-media":"","overlay-type":"","overlay-color":"","overlay-opacity":"","overlay-gradient":""},"tablet":{"background-color":"","background-image":"","background-repeat":"repeat","background-position":"center center","background-size":"auto","background-attachment":"scroll","background-type":"","background-media":"","overlay-type":"","overlay-color":"","overlay-opacity":"","overlay-gradient":""},"mobile":{"background-color":"","background-image":"","background-repeat":"repeat","background-position":"center center","background-size":"auto","background-attachment":"scroll","background-type":"","background-media":"","overlay-type":"","overlay-color":"","overlay-opacity":"","overlay-gradient":""}},"ast-content-background-meta":{"desktop":{"background-color":"var(--ast-global-color-5)","background-image":"","background-repeat":"repeat","background-position":"center center","background-size":"auto","background-attachment":"scroll","background-type":"","background-media":"","overlay-type":"","overlay-color":"","overlay-opacity":"","overlay-gradient":""},"tablet":{"background-color":"var(--ast-global-color-5)","background-image":"","background-repeat":"repeat","background-position":"center center","background-size":"auto","background-attachment":"scroll","background-type":"","background-media":"","overlay-type":"","overlay-color":"","overlay-opacity":"","overlay-gradient":""},"mobile":{"background-color":"var(--ast-global-color-5)","background-image":"","background-repeat":"repeat","background-position":"center center","background-size":"auto","background-attachment":"scroll","background-type":"","background-media":"","overlay-type":"","overlay-color":"","overlay-opacity":"","overlay-gradient":""}},"footnotes":""},"class_list":["post-100","page","type-page","status-publish","hentry"],"_links":{"self":[{"href":"https:\/\/wpa-training.com\/de\/wp-json\/wp\/v2\/pages\/100","targetHints":{"allow":["GET"]}}],"collection":[{"href":"https:\/\/wpa-training.com\/de\/wp-json\/wp\/v2\/pages"}],"about":[{"href":"https:\/\/wpa-training.com\/de\/wp-json\/wp\/v2\/types\/page"}],"author":[{"embeddable":true,"href":"https:\/\/wpa-training.com\/de\/wp-json\/wp\/v2\/users\/2"}],"replies":[{"embeddable":true,"href":"https:\/\/wpa-training.com\/de\/wp-json\/wp\/v2\/comments?post=100"}],"version-history":[{"count":10,"href":"https:\/\/wpa-training.com\/de\/wp-json\/wp\/v2\/pages\/100\/revisions"}],"predecessor-version":[{"id":971,"href":"https:\/\/wpa-training.com\/de\/wp-json\/wp\/v2\/pages\/100\/revisions\/971"}],"wp:attachment":[{"href":"https:\/\/wpa-training.com\/de\/wp-json\/wp\/v2\/media?parent=100"}],"curies":[{"name":"wp","href":"https:\/\/api.w.org\/{rel}","templated":true}]}}